{"id":463,"date":"2020-02-10T19:30:13","date_gmt":"2020-02-10T17:30:13","guid":{"rendered":"http:\/\/lauri.kiurut.fi\/wordpress\/?page_id=2"},"modified":"2026-04-13T06:51:12","modified_gmt":"2026-04-13T03:51:12","slug":"sample-page-2","status":"publish","type":"page","link":"https:\/\/www.pyhtaankisa.fi\/pyhtaankisa\/","title":{"rendered":"Etusivu"},"content":{"rendered":"\n<pre class=\"wp-block-preformatted\">---<br>Hei!<br>Tiistaina 14.4.2026 ei ole Virpin liikuntakerhoja. Sepon pallokerho on normaalisti.<br><br>Terveisin Virpi<br>---<br>Pienempien kerhossa p\u00e4rj\u00e4\u00e4 paljain jaloin, mutta isompien pelikerhossa tulisi olla puhtaat sis\u00e4pelikeng\u00e4t. Joustava urheiluasu on my\u00f6s toivottava. <br>Kerhoaikoihin voi syksyn aikana tulla muutoksia ja ryhmi\u00e4 voidaan yhdist\u00e4\u00e4. <br><br>Hei!<br>Kerhot alkavat 15 minuuttia aikaisemmin t\u00e4m\u00e4n viikon tiistaista (16.9.2025) alkaen.<br>eli<br>5-6-vuotiaat klo 16.15-17<br>7-8-vuotiaat klo 17-17.45<br>9-13-vuotiaat tyt\u00f6t klo 17.45.-18.30<br>poikien pelikerho klo 18.30-19.30<br><br>Liikunta- ja pelikerhoihin tullaan jatkossa vasta juuri ennen kerhon alkamista.<br>Koulun sis\u00e4lle  k\u00e4yt\u00e4v\u00e4lle ei voi jatkossa tulla ennen oman kerhon alkamista viime<br>kerralla tapahtuneen ilkivallan takia.<br><br>Terveisin Virpi ja Seppo<br>--<\/pre>\n\n\n\n<p>Pyht\u00e4\u00e4n Kisan kotiurheilukentt\u00e4 [<a href=\"https:\/\/goo.gl\/maps\/Hp7h2PmjaNJbnBTq8\">t\u00e4st\u00e4<\/a>]. Seuran tarkoitus on edist\u00e4\u00e4 liikunta- ja kilpaurheilutoimintaa koko kunnan alueella. Toimintaan p\u00e4\u00e4see mukaan osallistumalla johonkin seuran j\u00e4rjest\u00e4m\u00e4\u00e4n tapahtumaan.<\/p>\n\n\n\n<p>N\u00e4ilt\u00e4 sivuilta l\u00f6ytyy tietoa niin seuran historiasta kuin tulevista tapahtumistakin ja ennenkaikkea yhteystietoja mukaan tulon helpottamiseksi.<\/p>\n\n\n\n<p>Alaseuran Pyht\u00e4\u00e4n Kisa-Veikot ry j\u00e4senmaksu lomake: <br>&#8211;&gt; Kyl\u00e4osastot &#8211;&gt; Pyht\u00e4\u00e4n Kisa-Veikot.<\/p>\n\n\n\n<p>Lis\u00e4tietoja antavat mielell\u00e4\u00e4n:<\/p>\n\n\n\n<figure class=\"wp-block-table\"><table><tbody><tr><td><strong>Puheenjohtaja<\/strong><br>Juhani Anttila<\/td><td><strong>Sihteeri<\/strong><br>Virpi Frantsi-Kiuru<\/td><\/tr><\/tbody><\/table><\/figure>\n\n\n\n<ul class=\"wp-block-list\">\n<li>P\u00e4\u00e4seuran pankit:<br>Osuuspankki FI37 5172 3340 0048 40<\/li>\n\n\n\n<li>Pyht\u00e4\u00e4n Kisa-Veikot ry:n pankki:&nbsp;<br>Nordea FI40 1541 3000 1008 99<\/li>\n<\/ul>\n\n\n\n<p>&#8212;&#8212;&#8212;&#8212;&#8212;&#8212;&#8212;&#8212;&#8212;&#8212;&#8212;&#8212;&#8212;&#8212;&#8212;&#8212;&#8212;&#8212;&#8212;&#8212;&#8212;&#8212;&#8212;&#8212;&#8212;&#8212;&#8212;<br><strong><a href=\"https:\/\/www.pyhtaankisa.fi\/pyhtaankisa\/?page_id=318\">Pyht\u00e4\u00e4n Kisalaisille alennusta Intersportista.<\/a><\/strong><br> &#8212;&#8212;&#8212;&#8212;&#8212;&#8212;&#8212;&#8212;&#8212;&#8212;&#8212;&#8212;&#8212;&#8212;&#8212;&#8212;&#8212;&#8212;&#8212;&#8212;&#8212;&#8212;&#8212;&#8212;&#8212;&#8212;&#8212; <\/p>\n\n\n\n<p><\/p>\n","protected":false},"excerpt":{"rendered":"<p>&#8212;Hei!Tiistaina 14.4.2026 ei ole Virpin liikuntakerhoja. Sepon pallokerho on normaalisti.Terveisin Virpi&#8212;Pienempien kerhossa p\u00e4rj\u00e4\u00e4 paljain jaloin, mutta isompien pelikerhossa tulisi olla [&hellip;]<\/p>\n","protected":false},"author":1,"featured_media":0,"parent":0,"menu_order":0,"comment_status":"closed","ping_status":"closed","template":"template-full-width.php","meta":{"footnotes":""},"class_list":["post-463","page","type-page","status-publish","hentry"],"yoast_head":"<!-- This site is optimized with the Yoast SEO plugin v27.4 - https:\/\/yoast.com\/product\/yoast-seo-wordpress\/ -->\n<title>Etusivu - Pyht\u00e4\u00e4n Kisa ry<\/title>\n<meta name=\"robots\" content=\"index, follow, max-snippet:-1, max-image-preview:large, max-video-preview:-1\" \/>\n<link rel=\"canonical\" href=\"https:\/\/www.pyhtaankisa.fi\/pyhtaankisa\/\" \/>\n<meta property=\"og:locale\" content=\"en_US\" \/>\n<meta property=\"og:type\" content=\"article\" \/>\n<meta property=\"og:title\" content=\"Etusivu - Pyht\u00e4\u00e4n Kisa ry\" \/>\n<meta property=\"og:description\" content=\"---Hei!Tiistaina 14.4.2026 ei ole Virpin liikuntakerhoja. Sepon pallokerho on normaalisti.Terveisin Virpi---Pienempien kerhossa p\u00e4rj\u00e4\u00e4 paljain jaloin, mutta isompien pelikerhossa tulisi olla [&hellip;]\" \/>\n<meta property=\"og:url\" content=\"https:\/\/www.pyhtaankisa.fi\/pyhtaankisa\/\" \/>\n<meta property=\"og:site_name\" content=\"Pyht\u00e4\u00e4n Kisa ry\" \/>\n<meta property=\"article:modified_time\" content=\"2026-04-13T03:51:12+00:00\" \/>\n<meta name=\"twitter:card\" content=\"summary_large_image\" \/>\n<meta name=\"twitter:label1\" content=\"Est. reading time\" \/>\n\t<meta name=\"twitter:data1\" content=\"1 minute\" \/>\n<script type=\"application\/ld+json\" class=\"yoast-schema-graph\">{\"@context\":\"https:\\\/\\\/schema.org\",\"@graph\":[{\"@type\":\"WebPage\",\"@id\":\"https:\\\/\\\/www.pyhtaankisa.fi\\\/pyhtaankisa\\\/\",\"url\":\"https:\\\/\\\/www.pyhtaankisa.fi\\\/pyhtaankisa\\\/\",\"name\":\"Etusivu - Pyht\u00e4\u00e4n Kisa ry\",\"isPartOf\":{\"@id\":\"https:\\\/\\\/www.pyhtaankisa.fi\\\/pyhtaankisa\\\/#website\"},\"datePublished\":\"2020-02-10T17:30:13+00:00\",\"dateModified\":\"2026-04-13T03:51:12+00:00\",\"breadcrumb\":{\"@id\":\"https:\\\/\\\/www.pyhtaankisa.fi\\\/pyhtaankisa\\\/#breadcrumb\"},\"inLanguage\":\"en-US\",\"potentialAction\":[{\"@type\":\"ReadAction\",\"target\":[\"https:\\\/\\\/www.pyhtaankisa.fi\\\/pyhtaankisa\\\/\"]}]},{\"@type\":\"BreadcrumbList\",\"@id\":\"https:\\\/\\\/www.pyhtaankisa.fi\\\/pyhtaankisa\\\/#breadcrumb\",\"itemListElement\":[{\"@type\":\"ListItem\",\"position\":1,\"name\":\"Home\",\"item\":\"https:\\\/\\\/www.pyhtaankisa.fi\\\/pyhtaankisa\\\/\"},{\"@type\":\"ListItem\",\"position\":2,\"name\":\"Etusivu\"}]},{\"@type\":\"WebSite\",\"@id\":\"https:\\\/\\\/www.pyhtaankisa.fi\\\/pyhtaankisa\\\/#website\",\"url\":\"https:\\\/\\\/www.pyhtaankisa.fi\\\/pyhtaankisa\\\/\",\"name\":\"Pyht\u00e4\u00e4n Kisa ry\",\"description\":\"\",\"publisher\":{\"@id\":\"https:\\\/\\\/www.pyhtaankisa.fi\\\/pyhtaankisa\\\/#organization\"},\"potentialAction\":[{\"@type\":\"SearchAction\",\"target\":{\"@type\":\"EntryPoint\",\"urlTemplate\":\"https:\\\/\\\/www.pyhtaankisa.fi\\\/pyhtaankisa\\\/?s={search_term_string}\"},\"query-input\":{\"@type\":\"PropertyValueSpecification\",\"valueRequired\":true,\"valueName\":\"search_term_string\"}}],\"inLanguage\":\"en-US\"},{\"@type\":\"Organization\",\"@id\":\"https:\\\/\\\/www.pyhtaankisa.fi\\\/pyhtaankisa\\\/#organization\",\"name\":\"Pyht\u00e4\u00e4n Kisa ry\",\"url\":\"https:\\\/\\\/www.pyhtaankisa.fi\\\/pyhtaankisa\\\/\",\"logo\":{\"@type\":\"ImageObject\",\"inLanguage\":\"en-US\",\"@id\":\"https:\\\/\\\/www.pyhtaankisa.fi\\\/pyhtaankisa\\\/#\\\/schema\\\/logo\\\/image\\\/\",\"url\":\"https:\\\/\\\/www.pyhtaankisa.fi\\\/pyhtaankisa\\\/wp-content\\\/uploads\\\/2020\\\/02\\\/logo_2-1.gif\",\"contentUrl\":\"https:\\\/\\\/www.pyhtaankisa.fi\\\/pyhtaankisa\\\/wp-content\\\/uploads\\\/2020\\\/02\\\/logo_2-1.gif\",\"width\":100,\"height\":100,\"caption\":\"Pyht\u00e4\u00e4n Kisa ry\"},\"image\":{\"@id\":\"https:\\\/\\\/www.pyhtaankisa.fi\\\/pyhtaankisa\\\/#\\\/schema\\\/logo\\\/image\\\/\"}}]}<\/script>\n<!-- \/ Yoast SEO plugin. -->","yoast_head_json":{"title":"Etusivu - Pyht\u00e4\u00e4n Kisa ry","robots":{"index":"index","follow":"follow","max-snippet":"max-snippet:-1","max-image-preview":"max-image-preview:large","max-video-preview":"max-video-preview:-1"},"canonical":"https:\/\/www.pyhtaankisa.fi\/pyhtaankisa\/","og_locale":"en_US","og_type":"article","og_title":"Etusivu - Pyht\u00e4\u00e4n Kisa ry","og_description":"---Hei!Tiistaina 14.4.2026 ei ole Virpin liikuntakerhoja. Sepon pallokerho on normaalisti.Terveisin Virpi---Pienempien kerhossa p\u00e4rj\u00e4\u00e4 paljain jaloin, mutta isompien pelikerhossa tulisi olla [&hellip;]","og_url":"https:\/\/www.pyhtaankisa.fi\/pyhtaankisa\/","og_site_name":"Pyht\u00e4\u00e4n Kisa ry","article_modified_time":"2026-04-13T03:51:12+00:00","twitter_card":"summary_large_image","twitter_misc":{"Est. reading time":"1 minute"},"schema":{"@context":"https:\/\/schema.org","@graph":[{"@type":"WebPage","@id":"https:\/\/www.pyhtaankisa.fi\/pyhtaankisa\/","url":"https:\/\/www.pyhtaankisa.fi\/pyhtaankisa\/","name":"Etusivu - Pyht\u00e4\u00e4n Kisa ry","isPartOf":{"@id":"https:\/\/www.pyhtaankisa.fi\/pyhtaankisa\/#website"},"datePublished":"2020-02-10T17:30:13+00:00","dateModified":"2026-04-13T03:51:12+00:00","breadcrumb":{"@id":"https:\/\/www.pyhtaankisa.fi\/pyhtaankisa\/#breadcrumb"},"inLanguage":"en-US","potentialAction":[{"@type":"ReadAction","target":["https:\/\/www.pyhtaankisa.fi\/pyhtaankisa\/"]}]},{"@type":"BreadcrumbList","@id":"https:\/\/www.pyhtaankisa.fi\/pyhtaankisa\/#breadcrumb","itemListElement":[{"@type":"ListItem","position":1,"name":"Home","item":"https:\/\/www.pyhtaankisa.fi\/pyhtaankisa\/"},{"@type":"ListItem","position":2,"name":"Etusivu"}]},{"@type":"WebSite","@id":"https:\/\/www.pyhtaankisa.fi\/pyhtaankisa\/#website","url":"https:\/\/www.pyhtaankisa.fi\/pyhtaankisa\/","name":"Pyht\u00e4\u00e4n Kisa ry","description":"","publisher":{"@id":"https:\/\/www.pyhtaankisa.fi\/pyhtaankisa\/#organization"},"potentialAction":[{"@type":"SearchAction","target":{"@type":"EntryPoint","urlTemplate":"https:\/\/www.pyhtaankisa.fi\/pyhtaankisa\/?s={search_term_string}"},"query-input":{"@type":"PropertyValueSpecification","valueRequired":true,"valueName":"search_term_string"}}],"inLanguage":"en-US"},{"@type":"Organization","@id":"https:\/\/www.pyhtaankisa.fi\/pyhtaankisa\/#organization","name":"Pyht\u00e4\u00e4n Kisa ry","url":"https:\/\/www.pyhtaankisa.fi\/pyhtaankisa\/","logo":{"@type":"ImageObject","inLanguage":"en-US","@id":"https:\/\/www.pyhtaankisa.fi\/pyhtaankisa\/#\/schema\/logo\/image\/","url":"https:\/\/www.pyhtaankisa.fi\/pyhtaankisa\/wp-content\/uploads\/2020\/02\/logo_2-1.gif","contentUrl":"https:\/\/www.pyhtaankisa.fi\/pyhtaankisa\/wp-content\/uploads\/2020\/02\/logo_2-1.gif","width":100,"height":100,"caption":"Pyht\u00e4\u00e4n Kisa ry"},"image":{"@id":"https:\/\/www.pyhtaankisa.fi\/pyhtaankisa\/#\/schema\/logo\/image\/"}}]}},"_links":{"self":[{"href":"https:\/\/www.pyhtaankisa.fi\/pyhtaankisa\/index.php?rest_route=\/wp\/v2\/pages\/463","targetHints":{"allow":["GET"]}}],"collection":[{"href":"https:\/\/www.pyhtaankisa.fi\/pyhtaankisa\/index.php?rest_route=\/wp\/v2\/pages"}],"about":[{"href":"https:\/\/www.pyhtaankisa.fi\/pyhtaankisa\/index.php?rest_route=\/wp\/v2\/types\/page"}],"author":[{"embeddable":true,"href":"https:\/\/www.pyhtaankisa.fi\/pyhtaankisa\/index.php?rest_route=\/wp\/v2\/users\/1"}],"replies":[{"embeddable":true,"href":"https:\/\/www.pyhtaankisa.fi\/pyhtaankisa\/index.php?rest_route=%2Fwp%2Fv2%2Fcomments&post=463"}],"version-history":[{"count":51,"href":"https:\/\/www.pyhtaankisa.fi\/pyhtaankisa\/index.php?rest_route=\/wp\/v2\/pages\/463\/revisions"}],"predecessor-version":[{"id":620,"href":"https:\/\/www.pyhtaankisa.fi\/pyhtaankisa\/index.php?rest_route=\/wp\/v2\/pages\/463\/revisions\/620"}],"wp:attachment":[{"href":"https:\/\/www.pyhtaankisa.fi\/pyhtaankisa\/index.php?rest_route=%2Fwp%2Fv2%2Fmedia&parent=463"}],"curies":[{"name":"wp","href":"https:\/\/api.w.org\/{rel}","templated":true}]}}