{"id":325,"date":"2020-02-24T00:07:09","date_gmt":"2020-02-23T22:07:09","guid":{"rendered":"http:\/\/www.pyhtaankisa.fi\/wordpress\/?page_id=325"},"modified":"2023-05-02T20:42:50","modified_gmt":"2023-05-02T17:42:50","slug":"pyhtaan-kisa-veikkojen-pyhtaan-kisa-jasenmaksu-vuonna-2020","status":"publish","type":"page","link":"https:\/\/www.pyhtaankisa.fi\/pyhtaankisa\/?page_id=325","title":{"rendered":"Pyht\u00e4\u00e4n  Kisa-Veikkojen (Pyht\u00e4\u00e4n Kisa) j\u00e4senmaksu vuonna 2020"},"content":{"rendered":"\n<p> Pyht\u00e4\u00e4n Kisa -Veikot \nry<br>Hallitus<br><strong>Pyht\u00e4\u00e4n\n Kisa-Veikkojen (Pyht\u00e4\u00e4n Kisa) j\u00e4senmaksu vuonna 2020<\/strong>.<\/p>\n\n\n\n<p>Pyht\u00e4\u00e4n Kisa &#8211; Veikkojen \nj\u00e4senmaksut&nbsp;vuonna 2020: lapset 10 euroa ja aikuiset&nbsp;6 euroa. \nJ\u00e4senmaksun maksaneet voivat osallistua seuran toimintaan. <\/p>\n\n\n\n<p><\/p>\n\n\n\n<figure class=\"wp-block-table\"><table><tbody><tr><td><br><\/td><td>Nimi \/ Perheenj\u00e4sen<\/td><td>Synt.aika<\/td><td>vakuutus (kyll\u00e4\/ei)<\/td><td>osallistuu aktiivisesti kilpailutoimintaan \n      (kyll\u00e4\/ei)<\/td><\/tr><tr><td>1<\/td><td>&nbsp;<\/td><td>&nbsp;<\/td><td>&nbsp;<\/td><td>&nbsp;<\/td><\/tr><tr><td>2<\/td><td>&nbsp;<\/td><td>&nbsp;<\/td><td>&nbsp;<\/td><td>&nbsp;<\/td><\/tr><tr><td>3<\/td><td>&nbsp;<\/td><td>&nbsp;<\/td><td>&nbsp;<\/td><td>&nbsp;<\/td><\/tr><tr><td>4<\/td><td>&nbsp;<\/td><td>&nbsp;<\/td><td>&nbsp;<\/td><td>&nbsp;<\/td><\/tr><tr><td>5<\/td><td>&nbsp;<\/td><td>&nbsp;<\/td><td>&nbsp;<\/td><td>&nbsp;<\/td><\/tr><\/tbody><\/table><\/figure>\n\n\n\n<figure class=\"wp-block-table\"><table><tbody><tr><td>Saako teid\u00e4n valokuvia laittaa \n      nettiin<br><strong>(kyll\u00e4\/ei)<\/strong><\/td><\/tr><tr><td>&nbsp;<\/td><\/tr><\/tbody><\/table><\/figure>\n\n\n\n<figure class=\"wp-block-table\"><table><tbody><tr><td>Puh.no<\/td><td>&nbsp;<\/td><\/tr><tr><td>Email<\/td><td>&nbsp;<\/td><\/tr><tr><td>Osoite<\/td><td>&nbsp;<\/td><\/tr><\/tbody><\/table><\/figure>\n\n\n\n<p>Jokaisella \nurheilijalla on mahdollisuus ottaa seuramme kautta vakuutus (=lisenssi),\n joka&nbsp; korvaa vuoden 2020 aikana harjoituksissa ja kilpailuissa sattuneet \ntapaturmat.&nbsp;Ilman vakuutusta, jokainen vastaa itse mahdollisesti \nsattuneista tapaturmista. Lis\u00e4tietoa: \nhttp:\/\/www.yleisurheilu.fi\/seurat\/yleisurheilulisenssit<\/p>\n\n\n\n<p><strong><\/strong>HUOM !<br>Jos lapsenne osallistuu \nkev\u00e4\u00e4n tai kes\u00e4n aikana aktiivisesti esimerkiksi piirinmestaruuskilpailuihin \nedustaen Pyht\u00e4\u00e4n Kisaa, p\u00e4\u00e4seuramme Pyht\u00e4\u00e4n Kisa maksaa kilpailutoiminnassa \ntarvittavan vakuutuksen (=lisenssi). T\u00e4yt\u00e4 siit\u00e4 tieto taulukkoon &#8220;osallistuu\n aktiivisesti kilpailutoimintaan&#8221;.<br>Voit my\u00f6s maksaa \ntilille&nbsp;Pyht\u00e4\u00e4n Kisa-Veikot ry:n&nbsp;Nordea FI40 1541 3000 1008 99 , mutta \nlomake tulee toimittaa Virpille ja Sepolle harjoituksiin.<\/p>\n\n\n\n<p><strong>J\u00e4senmaksut ker\u00e4t\u00e4\u00e4n seuraavissa \nharjoituksissa.<\/strong><\/p>\n\n\n\n<p>__________________________________<br>\nHuoltajan allekirjoitus<\/p>\n\n\n\n<p>http:\/\/www.pyhtaankisa.fi &#8211;> Kyl\u00e4osastot  &#8211;> Pyht\u00e4\u00e4n Kisa-Veikot &#8211;> J\u00e4senmaksulomake [<a href=\"http:\/\/www.pyhtaankisa.fi\/pyhtaankisa\/?page_id=325\">t\u00e4st\u00e4<\/a>]  <\/p>\n","protected":false},"excerpt":{"rendered":"<p>Pyht\u00e4\u00e4n Kisa -Veikot ryHallitusPyht\u00e4\u00e4n Kisa-Veikkojen (Pyht\u00e4\u00e4n Kisa) j\u00e4senmaksu vuonna 2020. Pyht\u00e4\u00e4n Kisa &#8211; Veikkojen j\u00e4senmaksut&nbsp;vuonna 2020: lapset 10 euroa ja [&hellip;]<\/p>\n","protected":false},"author":1,"featured_media":0,"parent":0,"menu_order":0,"comment_status":"closed","ping_status":"closed","template":"template-full-width.php","meta":{"footnotes":""},"class_list":["post-325","page","type-page","status-publish","hentry"],"yoast_head":"<!-- This site is optimized with the Yoast SEO plugin v27.4 - https:\/\/yoast.com\/product\/yoast-seo-wordpress\/ -->\n<title>Pyht\u00e4\u00e4n Kisa-Veikkojen (Pyht\u00e4\u00e4n Kisa) j\u00e4senmaksu vuonna 2020 - Pyht\u00e4\u00e4n Kisa ry<\/title>\n<meta name=\"robots\" content=\"index, follow, max-snippet:-1, max-image-preview:large, max-video-preview:-1\" \/>\n<link rel=\"canonical\" href=\"https:\/\/www.pyhtaankisa.fi\/pyhtaankisa\/?page_id=325\" \/>\n<meta property=\"og:locale\" content=\"en_US\" \/>\n<meta property=\"og:type\" content=\"article\" \/>\n<meta property=\"og:title\" content=\"Pyht\u00e4\u00e4n Kisa-Veikkojen (Pyht\u00e4\u00e4n Kisa) j\u00e4senmaksu vuonna 2020 - Pyht\u00e4\u00e4n Kisa ry\" \/>\n<meta property=\"og:description\" content=\"Pyht\u00e4\u00e4n Kisa -Veikot ryHallitusPyht\u00e4\u00e4n Kisa-Veikkojen (Pyht\u00e4\u00e4n Kisa) j\u00e4senmaksu vuonna 2020. Pyht\u00e4\u00e4n Kisa &#8211; Veikkojen j\u00e4senmaksut&nbsp;vuonna 2020: lapset 10 euroa ja [&hellip;]\" \/>\n<meta property=\"og:url\" content=\"https:\/\/www.pyhtaankisa.fi\/pyhtaankisa\/?page_id=325\" \/>\n<meta property=\"og:site_name\" content=\"Pyht\u00e4\u00e4n Kisa ry\" \/>\n<meta property=\"article:modified_time\" content=\"2023-05-02T17:42:50+00:00\" \/>\n<meta name=\"twitter:card\" content=\"summary_large_image\" \/>\n<meta name=\"twitter:label1\" content=\"Est. reading time\" \/>\n\t<meta name=\"twitter:data1\" content=\"1 minute\" \/>\n<script type=\"application\/ld+json\" class=\"yoast-schema-graph\">{\"@context\":\"https:\\\/\\\/schema.org\",\"@graph\":[{\"@type\":\"WebPage\",\"@id\":\"https:\\\/\\\/www.pyhtaankisa.fi\\\/pyhtaankisa\\\/?page_id=325\",\"url\":\"https:\\\/\\\/www.pyhtaankisa.fi\\\/pyhtaankisa\\\/?page_id=325\",\"name\":\"Pyht\u00e4\u00e4n Kisa-Veikkojen (Pyht\u00e4\u00e4n Kisa) j\u00e4senmaksu vuonna 2020 - Pyht\u00e4\u00e4n Kisa ry\",\"isPartOf\":{\"@id\":\"https:\\\/\\\/www.pyhtaankisa.fi\\\/pyhtaankisa\\\/#website\"},\"datePublished\":\"2020-02-23T22:07:09+00:00\",\"dateModified\":\"2023-05-02T17:42:50+00:00\",\"breadcrumb\":{\"@id\":\"https:\\\/\\\/www.pyhtaankisa.fi\\\/pyhtaankisa\\\/?page_id=325#breadcrumb\"},\"inLanguage\":\"en-US\",\"potentialAction\":[{\"@type\":\"ReadAction\",\"target\":[\"https:\\\/\\\/www.pyhtaankisa.fi\\\/pyhtaankisa\\\/?page_id=325\"]}]},{\"@type\":\"BreadcrumbList\",\"@id\":\"https:\\\/\\\/www.pyhtaankisa.fi\\\/pyhtaankisa\\\/?page_id=325#breadcrumb\",\"itemListElement\":[{\"@type\":\"ListItem\",\"position\":1,\"name\":\"Home\",\"item\":\"https:\\\/\\\/www.pyhtaankisa.fi\\\/pyhtaankisa\\\/\"},{\"@type\":\"ListItem\",\"position\":2,\"name\":\"Pyht\u00e4\u00e4n Kisa-Veikkojen (Pyht\u00e4\u00e4n Kisa) j\u00e4senmaksu vuonna 2020\"}]},{\"@type\":\"WebSite\",\"@id\":\"https:\\\/\\\/www.pyhtaankisa.fi\\\/pyhtaankisa\\\/#website\",\"url\":\"https:\\\/\\\/www.pyhtaankisa.fi\\\/pyhtaankisa\\\/\",\"name\":\"Pyht\u00e4\u00e4n Kisa ry\",\"description\":\"\",\"publisher\":{\"@id\":\"https:\\\/\\\/www.pyhtaankisa.fi\\\/pyhtaankisa\\\/#organization\"},\"potentialAction\":[{\"@type\":\"SearchAction\",\"target\":{\"@type\":\"EntryPoint\",\"urlTemplate\":\"https:\\\/\\\/www.pyhtaankisa.fi\\\/pyhtaankisa\\\/?s={search_term_string}\"},\"query-input\":{\"@type\":\"PropertyValueSpecification\",\"valueRequired\":true,\"valueName\":\"search_term_string\"}}],\"inLanguage\":\"en-US\"},{\"@type\":\"Organization\",\"@id\":\"https:\\\/\\\/www.pyhtaankisa.fi\\\/pyhtaankisa\\\/#organization\",\"name\":\"Pyht\u00e4\u00e4n Kisa ry\",\"url\":\"https:\\\/\\\/www.pyhtaankisa.fi\\\/pyhtaankisa\\\/\",\"logo\":{\"@type\":\"ImageObject\",\"inLanguage\":\"en-US\",\"@id\":\"https:\\\/\\\/www.pyhtaankisa.fi\\\/pyhtaankisa\\\/#\\\/schema\\\/logo\\\/image\\\/\",\"url\":\"https:\\\/\\\/www.pyhtaankisa.fi\\\/pyhtaankisa\\\/wp-content\\\/uploads\\\/2020\\\/02\\\/logo_2-1.gif\",\"contentUrl\":\"https:\\\/\\\/www.pyhtaankisa.fi\\\/pyhtaankisa\\\/wp-content\\\/uploads\\\/2020\\\/02\\\/logo_2-1.gif\",\"width\":100,\"height\":100,\"caption\":\"Pyht\u00e4\u00e4n Kisa ry\"},\"image\":{\"@id\":\"https:\\\/\\\/www.pyhtaankisa.fi\\\/pyhtaankisa\\\/#\\\/schema\\\/logo\\\/image\\\/\"}}]}<\/script>\n<!-- \/ Yoast SEO plugin. -->","yoast_head_json":{"title":"Pyht\u00e4\u00e4n Kisa-Veikkojen (Pyht\u00e4\u00e4n Kisa) j\u00e4senmaksu vuonna 2020 - Pyht\u00e4\u00e4n Kisa ry","robots":{"index":"index","follow":"follow","max-snippet":"max-snippet:-1","max-image-preview":"max-image-preview:large","max-video-preview":"max-video-preview:-1"},"canonical":"https:\/\/www.pyhtaankisa.fi\/pyhtaankisa\/?page_id=325","og_locale":"en_US","og_type":"article","og_title":"Pyht\u00e4\u00e4n Kisa-Veikkojen (Pyht\u00e4\u00e4n Kisa) j\u00e4senmaksu vuonna 2020 - Pyht\u00e4\u00e4n Kisa ry","og_description":"Pyht\u00e4\u00e4n Kisa -Veikot ryHallitusPyht\u00e4\u00e4n Kisa-Veikkojen (Pyht\u00e4\u00e4n Kisa) j\u00e4senmaksu vuonna 2020. Pyht\u00e4\u00e4n Kisa &#8211; Veikkojen j\u00e4senmaksut&nbsp;vuonna 2020: lapset 10 euroa ja [&hellip;]","og_url":"https:\/\/www.pyhtaankisa.fi\/pyhtaankisa\/?page_id=325","og_site_name":"Pyht\u00e4\u00e4n Kisa ry","article_modified_time":"2023-05-02T17:42:50+00:00","twitter_card":"summary_large_image","twitter_misc":{"Est. reading time":"1 minute"},"schema":{"@context":"https:\/\/schema.org","@graph":[{"@type":"WebPage","@id":"https:\/\/www.pyhtaankisa.fi\/pyhtaankisa\/?page_id=325","url":"https:\/\/www.pyhtaankisa.fi\/pyhtaankisa\/?page_id=325","name":"Pyht\u00e4\u00e4n Kisa-Veikkojen (Pyht\u00e4\u00e4n Kisa) j\u00e4senmaksu vuonna 2020 - Pyht\u00e4\u00e4n Kisa ry","isPartOf":{"@id":"https:\/\/www.pyhtaankisa.fi\/pyhtaankisa\/#website"},"datePublished":"2020-02-23T22:07:09+00:00","dateModified":"2023-05-02T17:42:50+00:00","breadcrumb":{"@id":"https:\/\/www.pyhtaankisa.fi\/pyhtaankisa\/?page_id=325#breadcrumb"},"inLanguage":"en-US","potentialAction":[{"@type":"ReadAction","target":["https:\/\/www.pyhtaankisa.fi\/pyhtaankisa\/?page_id=325"]}]},{"@type":"BreadcrumbList","@id":"https:\/\/www.pyhtaankisa.fi\/pyhtaankisa\/?page_id=325#breadcrumb","itemListElement":[{"@type":"ListItem","position":1,"name":"Home","item":"https:\/\/www.pyhtaankisa.fi\/pyhtaankisa\/"},{"@type":"ListItem","position":2,"name":"Pyht\u00e4\u00e4n Kisa-Veikkojen (Pyht\u00e4\u00e4n Kisa) j\u00e4senmaksu vuonna 2020"}]},{"@type":"WebSite","@id":"https:\/\/www.pyhtaankisa.fi\/pyhtaankisa\/#website","url":"https:\/\/www.pyhtaankisa.fi\/pyhtaankisa\/","name":"Pyht\u00e4\u00e4n Kisa ry","description":"","publisher":{"@id":"https:\/\/www.pyhtaankisa.fi\/pyhtaankisa\/#organization"},"potentialAction":[{"@type":"SearchAction","target":{"@type":"EntryPoint","urlTemplate":"https:\/\/www.pyhtaankisa.fi\/pyhtaankisa\/?s={search_term_string}"},"query-input":{"@type":"PropertyValueSpecification","valueRequired":true,"valueName":"search_term_string"}}],"inLanguage":"en-US"},{"@type":"Organization","@id":"https:\/\/www.pyhtaankisa.fi\/pyhtaankisa\/#organization","name":"Pyht\u00e4\u00e4n Kisa ry","url":"https:\/\/www.pyhtaankisa.fi\/pyhtaankisa\/","logo":{"@type":"ImageObject","inLanguage":"en-US","@id":"https:\/\/www.pyhtaankisa.fi\/pyhtaankisa\/#\/schema\/logo\/image\/","url":"https:\/\/www.pyhtaankisa.fi\/pyhtaankisa\/wp-content\/uploads\/2020\/02\/logo_2-1.gif","contentUrl":"https:\/\/www.pyhtaankisa.fi\/pyhtaankisa\/wp-content\/uploads\/2020\/02\/logo_2-1.gif","width":100,"height":100,"caption":"Pyht\u00e4\u00e4n Kisa ry"},"image":{"@id":"https:\/\/www.pyhtaankisa.fi\/pyhtaankisa\/#\/schema\/logo\/image\/"}}]}},"_links":{"self":[{"href":"https:\/\/www.pyhtaankisa.fi\/pyhtaankisa\/index.php?rest_route=\/wp\/v2\/pages\/325","targetHints":{"allow":["GET"]}}],"collection":[{"href":"https:\/\/www.pyhtaankisa.fi\/pyhtaankisa\/index.php?rest_route=\/wp\/v2\/pages"}],"about":[{"href":"https:\/\/www.pyhtaankisa.fi\/pyhtaankisa\/index.php?rest_route=\/wp\/v2\/types\/page"}],"author":[{"embeddable":true,"href":"https:\/\/www.pyhtaankisa.fi\/pyhtaankisa\/index.php?rest_route=\/wp\/v2\/users\/1"}],"replies":[{"embeddable":true,"href":"https:\/\/www.pyhtaankisa.fi\/pyhtaankisa\/index.php?rest_route=%2Fwp%2Fv2%2Fcomments&post=325"}],"version-history":[{"count":1,"href":"https:\/\/www.pyhtaankisa.fi\/pyhtaankisa\/index.php?rest_route=\/wp\/v2\/pages\/325\/revisions"}],"predecessor-version":[{"id":504,"href":"https:\/\/www.pyhtaankisa.fi\/pyhtaankisa\/index.php?rest_route=\/wp\/v2\/pages\/325\/revisions\/504"}],"wp:attachment":[{"href":"https:\/\/www.pyhtaankisa.fi\/pyhtaankisa\/index.php?rest_route=%2Fwp%2Fv2%2Fmedia&parent=325"}],"curies":[{"name":"wp","href":"https:\/\/api.w.org\/{rel}","templated":true}]}}