{"id":180,"date":"2020-02-22T23:47:49","date_gmt":"2020-02-22T21:47:49","guid":{"rendered":"http:\/\/www2.pyhtaankisa.fi\/wordpress\/?page_id=180"},"modified":"2023-05-02T20:41:07","modified_gmt":"2023-05-02T17:41:07","slug":"kisa-veikot","status":"publish","type":"page","link":"https:\/\/www.pyhtaankisa.fi\/pyhtaankisa\/?page_id=180","title":{"rendered":"Kisa-Veikot"},"content":{"rendered":"\n<p>J\u00e4senmaksulomake [<a href=\"https:\/\/www.pyhtaankisa.fi\/pyhtaankisa\/?page_id=325\">t\u00e4st\u00e4<\/a>]<\/p>\n\n\n\n<p>YLEIST\u00c4 <br>Pyht\u00e4\u00e4n Kisa-Veikot on&nbsp;<strong>perustettu<\/strong>&nbsp;2.2.1953. Perustavassa kokouksessa oli katsottu, ett\u00e4 oli tarpeellista perustaa urheiluseura Kirkonkyl\u00e4\u00e4n. Samoin p\u00e4\u00e4tettiin liitty\u00e4 kyl\u00e4osastona Pyht\u00e4\u00e4n Kisa ry:hyn.<br><br><strong>Seuran tavoite:<\/strong>&nbsp;Pyht\u00e4\u00e4n Kisa-Veikkojen tavoite on yll\u00e4pit\u00e4\u00e4 ja edist\u00e4\u00e4 terveellisi\u00e4 el\u00e4m\u00e4ntapoja Pyht\u00e4\u00e4n Kirkonkyl\u00e4n alueella. Lis\u00e4ksi se tarjoaa mahdollisuuden harrastaa seuran ohjelmassa olevia lajeja.<br><br><strong>Varainhankinta:<\/strong>&nbsp;j\u00e4senmaksut ja talkooty\u00f6t; paperiker\u00e4ys,&nbsp;pikkuty\u00f6t&#8230;<br><br><strong>J\u00e4senmaksut<\/strong>&nbsp;Liittymis-, j\u00e4sen ja kannattajamaksuihin s\u00e4ilyv\u00e4t ennallaan. Aikuiset 6 euroa ja lapset 8 euroa.&nbsp;<br><br><strong>Toimii<\/strong>&nbsp;<a href=\"http:\/\/fi.wikipedia.org\/wiki\/Pyht%C3%A4%C3%A4\">Pyht\u00e4\u00e4n Kirkonkyl\u00e4n alueella<\/a>.<br><br>Seurassa&nbsp;<strong>harrastetaan<\/strong>&nbsp;seuraavia lajeja: yleisurheilu, hiihto, palloilu, kuntoilu, s\u00e4hly.&nbsp;<\/p>\n\n\n\n<p><strong>Harjoituspaikat:<\/strong>&nbsp;Sis\u00e4harjoitukset pidet\u00e4\u00e4n Suur-Ahvenkosken koululla. Hiihtourheilu suoritetaan Suur-Ahvenkosken maastossa. Kes\u00e4lajit suoritetaan Kirkonkyl\u00e4n yleisurheilukent\u00e4ll\u00e4.<br><br><strong>Harjoituksia vet\u00e4v\u00e4t<\/strong>&nbsp;Seppo Kiuru ja Virpi Frantsi-Kiuru.<br><br><strong>Kilpailutoiminta:<\/strong>&nbsp;Pyrimme j\u00e4rjest\u00e4m\u00e4\u00e4n&nbsp;urheilulajeissamme&nbsp;kilpailuja. Lis\u00e4ksi olemme aktiivisesti p\u00e4\u00e4seuran mukana monissa kilpailuissa.<br><br><strong>Kokoukset:<\/strong>&nbsp;Kisaveikot kokoontuu kahdesti hallituksen ja kahdesti yleiseen kokoukseen.<\/p>\n","protected":false},"excerpt":{"rendered":"<p>J\u00e4senmaksulomake [t\u00e4st\u00e4] YLEIST\u00c4 Pyht\u00e4\u00e4n Kisa-Veikot on&nbsp;perustettu&nbsp;2.2.1953. Perustavassa kokouksessa oli katsottu, ett\u00e4 oli tarpeellista perustaa urheiluseura Kirkonkyl\u00e4\u00e4n. Samoin p\u00e4\u00e4tettiin liitty\u00e4 kyl\u00e4osastona [&hellip;]<\/p>\n","protected":false},"author":1,"featured_media":0,"parent":0,"menu_order":0,"comment_status":"closed","ping_status":"closed","template":"template-full-width.php","meta":{"footnotes":""},"class_list":["post-180","page","type-page","status-publish","hentry"],"yoast_head":"<!-- This site is optimized with the Yoast SEO plugin v27.4 - https:\/\/yoast.com\/product\/yoast-seo-wordpress\/ -->\n<title>Kisa-Veikot - Pyht\u00e4\u00e4n Kisa ry<\/title>\n<meta name=\"robots\" content=\"index, follow, max-snippet:-1, max-image-preview:large, max-video-preview:-1\" \/>\n<link rel=\"canonical\" href=\"https:\/\/www.pyhtaankisa.fi\/pyhtaankisa\/?page_id=180\" \/>\n<meta property=\"og:locale\" content=\"en_US\" \/>\n<meta property=\"og:type\" content=\"article\" \/>\n<meta property=\"og:title\" content=\"Kisa-Veikot - Pyht\u00e4\u00e4n Kisa ry\" \/>\n<meta property=\"og:description\" content=\"J\u00e4senmaksulomake [t\u00e4st\u00e4] YLEIST\u00c4 Pyht\u00e4\u00e4n Kisa-Veikot on&nbsp;perustettu&nbsp;2.2.1953. Perustavassa kokouksessa oli katsottu, ett\u00e4 oli tarpeellista perustaa urheiluseura Kirkonkyl\u00e4\u00e4n. Samoin p\u00e4\u00e4tettiin liitty\u00e4 kyl\u00e4osastona [&hellip;]\" \/>\n<meta property=\"og:url\" content=\"https:\/\/www.pyhtaankisa.fi\/pyhtaankisa\/?page_id=180\" \/>\n<meta property=\"og:site_name\" content=\"Pyht\u00e4\u00e4n Kisa ry\" \/>\n<meta property=\"article:modified_time\" content=\"2023-05-02T17:41:07+00:00\" \/>\n<meta name=\"twitter:card\" content=\"summary_large_image\" \/>\n<meta name=\"twitter:label1\" content=\"Est. reading time\" \/>\n\t<meta name=\"twitter:data1\" content=\"1 minute\" \/>\n<script type=\"application\/ld+json\" class=\"yoast-schema-graph\">{\"@context\":\"https:\\\/\\\/schema.org\",\"@graph\":[{\"@type\":\"WebPage\",\"@id\":\"https:\\\/\\\/www.pyhtaankisa.fi\\\/pyhtaankisa\\\/?page_id=180\",\"url\":\"https:\\\/\\\/www.pyhtaankisa.fi\\\/pyhtaankisa\\\/?page_id=180\",\"name\":\"Kisa-Veikot - Pyht\u00e4\u00e4n Kisa ry\",\"isPartOf\":{\"@id\":\"https:\\\/\\\/www.pyhtaankisa.fi\\\/pyhtaankisa\\\/#website\"},\"datePublished\":\"2020-02-22T21:47:49+00:00\",\"dateModified\":\"2023-05-02T17:41:07+00:00\",\"breadcrumb\":{\"@id\":\"https:\\\/\\\/www.pyhtaankisa.fi\\\/pyhtaankisa\\\/?page_id=180#breadcrumb\"},\"inLanguage\":\"en-US\",\"potentialAction\":[{\"@type\":\"ReadAction\",\"target\":[\"https:\\\/\\\/www.pyhtaankisa.fi\\\/pyhtaankisa\\\/?page_id=180\"]}]},{\"@type\":\"BreadcrumbList\",\"@id\":\"https:\\\/\\\/www.pyhtaankisa.fi\\\/pyhtaankisa\\\/?page_id=180#breadcrumb\",\"itemListElement\":[{\"@type\":\"ListItem\",\"position\":1,\"name\":\"Home\",\"item\":\"https:\\\/\\\/www.pyhtaankisa.fi\\\/pyhtaankisa\\\/\"},{\"@type\":\"ListItem\",\"position\":2,\"name\":\"Kisa-Veikot\"}]},{\"@type\":\"WebSite\",\"@id\":\"https:\\\/\\\/www.pyhtaankisa.fi\\\/pyhtaankisa\\\/#website\",\"url\":\"https:\\\/\\\/www.pyhtaankisa.fi\\\/pyhtaankisa\\\/\",\"name\":\"Pyht\u00e4\u00e4n Kisa ry\",\"description\":\"\",\"publisher\":{\"@id\":\"https:\\\/\\\/www.pyhtaankisa.fi\\\/pyhtaankisa\\\/#organization\"},\"potentialAction\":[{\"@type\":\"SearchAction\",\"target\":{\"@type\":\"EntryPoint\",\"urlTemplate\":\"https:\\\/\\\/www.pyhtaankisa.fi\\\/pyhtaankisa\\\/?s={search_term_string}\"},\"query-input\":{\"@type\":\"PropertyValueSpecification\",\"valueRequired\":true,\"valueName\":\"search_term_string\"}}],\"inLanguage\":\"en-US\"},{\"@type\":\"Organization\",\"@id\":\"https:\\\/\\\/www.pyhtaankisa.fi\\\/pyhtaankisa\\\/#organization\",\"name\":\"Pyht\u00e4\u00e4n Kisa ry\",\"url\":\"https:\\\/\\\/www.pyhtaankisa.fi\\\/pyhtaankisa\\\/\",\"logo\":{\"@type\":\"ImageObject\",\"inLanguage\":\"en-US\",\"@id\":\"https:\\\/\\\/www.pyhtaankisa.fi\\\/pyhtaankisa\\\/#\\\/schema\\\/logo\\\/image\\\/\",\"url\":\"https:\\\/\\\/www.pyhtaankisa.fi\\\/pyhtaankisa\\\/wp-content\\\/uploads\\\/2020\\\/02\\\/logo_2-1.gif\",\"contentUrl\":\"https:\\\/\\\/www.pyhtaankisa.fi\\\/pyhtaankisa\\\/wp-content\\\/uploads\\\/2020\\\/02\\\/logo_2-1.gif\",\"width\":100,\"height\":100,\"caption\":\"Pyht\u00e4\u00e4n Kisa ry\"},\"image\":{\"@id\":\"https:\\\/\\\/www.pyhtaankisa.fi\\\/pyhtaankisa\\\/#\\\/schema\\\/logo\\\/image\\\/\"}}]}<\/script>\n<!-- \/ Yoast SEO plugin. -->","yoast_head_json":{"title":"Kisa-Veikot - Pyht\u00e4\u00e4n Kisa ry","robots":{"index":"index","follow":"follow","max-snippet":"max-snippet:-1","max-image-preview":"max-image-preview:large","max-video-preview":"max-video-preview:-1"},"canonical":"https:\/\/www.pyhtaankisa.fi\/pyhtaankisa\/?page_id=180","og_locale":"en_US","og_type":"article","og_title":"Kisa-Veikot - Pyht\u00e4\u00e4n Kisa ry","og_description":"J\u00e4senmaksulomake [t\u00e4st\u00e4] YLEIST\u00c4 Pyht\u00e4\u00e4n Kisa-Veikot on&nbsp;perustettu&nbsp;2.2.1953. Perustavassa kokouksessa oli katsottu, ett\u00e4 oli tarpeellista perustaa urheiluseura Kirkonkyl\u00e4\u00e4n. Samoin p\u00e4\u00e4tettiin liitty\u00e4 kyl\u00e4osastona [&hellip;]","og_url":"https:\/\/www.pyhtaankisa.fi\/pyhtaankisa\/?page_id=180","og_site_name":"Pyht\u00e4\u00e4n Kisa ry","article_modified_time":"2023-05-02T17:41:07+00:00","twitter_card":"summary_large_image","twitter_misc":{"Est. reading time":"1 minute"},"schema":{"@context":"https:\/\/schema.org","@graph":[{"@type":"WebPage","@id":"https:\/\/www.pyhtaankisa.fi\/pyhtaankisa\/?page_id=180","url":"https:\/\/www.pyhtaankisa.fi\/pyhtaankisa\/?page_id=180","name":"Kisa-Veikot - Pyht\u00e4\u00e4n Kisa ry","isPartOf":{"@id":"https:\/\/www.pyhtaankisa.fi\/pyhtaankisa\/#website"},"datePublished":"2020-02-22T21:47:49+00:00","dateModified":"2023-05-02T17:41:07+00:00","breadcrumb":{"@id":"https:\/\/www.pyhtaankisa.fi\/pyhtaankisa\/?page_id=180#breadcrumb"},"inLanguage":"en-US","potentialAction":[{"@type":"ReadAction","target":["https:\/\/www.pyhtaankisa.fi\/pyhtaankisa\/?page_id=180"]}]},{"@type":"BreadcrumbList","@id":"https:\/\/www.pyhtaankisa.fi\/pyhtaankisa\/?page_id=180#breadcrumb","itemListElement":[{"@type":"ListItem","position":1,"name":"Home","item":"https:\/\/www.pyhtaankisa.fi\/pyhtaankisa\/"},{"@type":"ListItem","position":2,"name":"Kisa-Veikot"}]},{"@type":"WebSite","@id":"https:\/\/www.pyhtaankisa.fi\/pyhtaankisa\/#website","url":"https:\/\/www.pyhtaankisa.fi\/pyhtaankisa\/","name":"Pyht\u00e4\u00e4n Kisa ry","description":"","publisher":{"@id":"https:\/\/www.pyhtaankisa.fi\/pyhtaankisa\/#organization"},"potentialAction":[{"@type":"SearchAction","target":{"@type":"EntryPoint","urlTemplate":"https:\/\/www.pyhtaankisa.fi\/pyhtaankisa\/?s={search_term_string}"},"query-input":{"@type":"PropertyValueSpecification","valueRequired":true,"valueName":"search_term_string"}}],"inLanguage":"en-US"},{"@type":"Organization","@id":"https:\/\/www.pyhtaankisa.fi\/pyhtaankisa\/#organization","name":"Pyht\u00e4\u00e4n Kisa ry","url":"https:\/\/www.pyhtaankisa.fi\/pyhtaankisa\/","logo":{"@type":"ImageObject","inLanguage":"en-US","@id":"https:\/\/www.pyhtaankisa.fi\/pyhtaankisa\/#\/schema\/logo\/image\/","url":"https:\/\/www.pyhtaankisa.fi\/pyhtaankisa\/wp-content\/uploads\/2020\/02\/logo_2-1.gif","contentUrl":"https:\/\/www.pyhtaankisa.fi\/pyhtaankisa\/wp-content\/uploads\/2020\/02\/logo_2-1.gif","width":100,"height":100,"caption":"Pyht\u00e4\u00e4n Kisa ry"},"image":{"@id":"https:\/\/www.pyhtaankisa.fi\/pyhtaankisa\/#\/schema\/logo\/image\/"}}]}},"_links":{"self":[{"href":"https:\/\/www.pyhtaankisa.fi\/pyhtaankisa\/index.php?rest_route=\/wp\/v2\/pages\/180","targetHints":{"allow":["GET"]}}],"collection":[{"href":"https:\/\/www.pyhtaankisa.fi\/pyhtaankisa\/index.php?rest_route=\/wp\/v2\/pages"}],"about":[{"href":"https:\/\/www.pyhtaankisa.fi\/pyhtaankisa\/index.php?rest_route=\/wp\/v2\/types\/page"}],"author":[{"embeddable":true,"href":"https:\/\/www.pyhtaankisa.fi\/pyhtaankisa\/index.php?rest_route=\/wp\/v2\/users\/1"}],"replies":[{"embeddable":true,"href":"https:\/\/www.pyhtaankisa.fi\/pyhtaankisa\/index.php?rest_route=%2Fwp%2Fv2%2Fcomments&post=180"}],"version-history":[{"count":2,"href":"https:\/\/www.pyhtaankisa.fi\/pyhtaankisa\/index.php?rest_route=\/wp\/v2\/pages\/180\/revisions"}],"predecessor-version":[{"id":503,"href":"https:\/\/www.pyhtaankisa.fi\/pyhtaankisa\/index.php?rest_route=\/wp\/v2\/pages\/180\/revisions\/503"}],"wp:attachment":[{"href":"https:\/\/www.pyhtaankisa.fi\/pyhtaankisa\/index.php?rest_route=%2Fwp%2Fv2%2Fmedia&parent=180"}],"curies":[{"name":"wp","href":"https:\/\/api.w.org\/{rel}","templated":true}]}}