{"id":131,"date":"2020-02-22T21:20:31","date_gmt":"2020-02-22T19:20:31","guid":{"rendered":"http:\/\/www2.pyhtaankisa.fi\/wordpress\/?page_id=131"},"modified":"2023-05-02T20:36:48","modified_gmt":"2023-05-02T17:36:48","slug":"kylaosastot","status":"publish","type":"page","link":"https:\/\/www.pyhtaankisa.fi\/pyhtaankisa\/?page_id=131","title":{"rendered":"Kyl\u00e4osastot"},"content":{"rendered":"\n<p><strong>=&nbsp;Alaosastot.. &nbsp;nimest\u00e4 p\u00e4\u00e4set alaosaston omille sivuille !<\/strong><\/p>\n\n\n\n<p><strong>Heinlahden Kipin\u00e4<\/strong><br><strong>Hirvikosken Vilpas<\/strong><br><strong><a href=\"https:\/\/www.pyhtaankisa.fi\/pyhtaankisa\/?page_id=180(opens in a new tab)\">Pyht\u00e4\u00e4n Kisa-Veikot<\/a><\/strong><br><strong>Purolan Kiri<\/strong><\/p>\n\n\n\n<p><strong>Yhdistysrekisteritiedot:<\/strong><\/p>\n\n\n\n<figure class=\"wp-block-table\"><table><tbody><tr><th>Rek.nro<\/th><th>Kotipaikka<\/th><th>Ensirek.pvm<\/th><th>Viimrek.pvm<\/th><th>Nimi<\/th><th>S\u00e4\u00e4nn\u00f6t<\/th><th>Linkki kotisivulle<\/th><\/tr><tr><td>64.387<\/td><td>Pyht\u00e4\u00e4<\/td><td>08.01.1954<\/td><td>. .<\/td><td>Pyht\u00e4\u00e4n Kisa ry<\/td><td>&nbsp;<\/td><td>&nbsp;<\/td><\/tr><\/tbody><\/table><\/figure>\n\n\n\n<figure class=\"wp-block-table\"><table><tbody><tr><th>Rek.nro<\/th><th>Kotipaikka<\/th><th>Ensirek.pvm<\/th><th>Viimrek.pvm<\/th><th>Nimi<\/th><th>S\u00e4\u00e4nn\u00f6t<\/th><th>Linkki kotisivulle<\/th><\/tr><tr><td>51.507<\/td><td>PYHT\u00c4\u00c4<\/td><td>10.12.1948<\/td><td>. .<\/td><td>HEINLAHDEN KIPIN\u00c4 R.Y.<\/td><td>&nbsp;<\/td><td>&nbsp;<\/td><\/tr><\/tbody><\/table><\/figure>\n\n\n\n<figure class=\"wp-block-table\"><table><tbody><tr><th>Rek.nro<\/th><th>Kotipaikka<\/th><th>Ensirek.pvm<\/th><th>Viimrek.pvm<\/th><th>Nimi<\/th><th>S\u00e4\u00e4nn\u00f6t<\/th><th>Linkki kotisivulle<\/th><\/tr><tr><td>69.272<\/td><td>Pyht\u00e4\u00e4<\/td><td>27.04.1956<\/td><td>. .<\/td><td>Hirvikosken Vilpas r.y.<\/td><td>&nbsp;<\/td><td>&nbsp;<\/td><\/tr><\/tbody><\/table><\/figure>\n\n\n\n<figure class=\"wp-block-table\"><table><tbody><tr><th>Rek.nro<\/th><th>Kotipaikka<\/th><th>Ensirek.pvm<\/th><th>Viimrek.pvm<\/th><th>Nimi<\/th><th>S\u00e4\u00e4nn\u00f6t<\/th><th>Linkki kotisivulle<\/th><\/tr><tr><td>163.751<\/td><td>Pyht\u00e4\u00e4<\/td><td>26.06.1995 &#8211; tiedot p\u00e4ivitettiin, on&nbsp;perustettu &nbsp;2.2.1953<\/td><td>. .<\/td><td>Pyht\u00e4\u00e4n Kisa-Veikot ry<\/td><td>&nbsp;<\/td><td>&nbsp;<\/td><\/tr><\/tbody><\/table><\/figure>\n\n\n\n<figure class=\"wp-block-table\"><table><tbody><tr><th>Rek.nro<\/th><th>Kotipaikka<\/th><th>Ensirek.pvm<\/th><th>Viimrek.pvm<\/th><th>Nimi<\/th><th>S\u00e4\u00e4nn\u00f6t<\/th><th>Linkki kotisivulle<\/th><\/tr><tr><td>77.692<\/td><td>Pyht\u00e4\u00e4<\/td><td>12.01.1960<\/td><td>. .<\/td><td>Purolan Kiri r.y.<\/td><td>&nbsp;<\/td><td>&nbsp;<\/td><\/tr><\/tbody><\/table><\/figure>\n","protected":false},"excerpt":{"rendered":"<p>=&nbsp;Alaosastot.. &nbsp;nimest\u00e4 p\u00e4\u00e4set alaosaston omille sivuille ! Heinlahden Kipin\u00e4Hirvikosken VilpasPyht\u00e4\u00e4n Kisa-VeikotPurolan Kiri Yhdistysrekisteritiedot: Rek.nro Kotipaikka Ensirek.pvm Viimrek.pvm Nimi S\u00e4\u00e4nn\u00f6t Linkki [&hellip;]<\/p>\n","protected":false},"author":1,"featured_media":0,"parent":0,"menu_order":0,"comment_status":"closed","ping_status":"closed","template":"template-full-width.php","meta":{"footnotes":""},"class_list":["post-131","page","type-page","status-publish","hentry"],"yoast_head":"<!-- This site is optimized with the Yoast SEO plugin v27.4 - https:\/\/yoast.com\/product\/yoast-seo-wordpress\/ -->\n<title>Kyl\u00e4osastot - Pyht\u00e4\u00e4n Kisa ry<\/title>\n<meta name=\"robots\" content=\"index, follow, max-snippet:-1, max-image-preview:large, max-video-preview:-1\" \/>\n<link rel=\"canonical\" href=\"https:\/\/www.pyhtaankisa.fi\/pyhtaankisa\/?page_id=131\" \/>\n<meta property=\"og:locale\" content=\"en_US\" \/>\n<meta property=\"og:type\" content=\"article\" \/>\n<meta property=\"og:title\" content=\"Kyl\u00e4osastot - Pyht\u00e4\u00e4n Kisa ry\" \/>\n<meta property=\"og:description\" content=\"=&nbsp;Alaosastot.. &nbsp;nimest\u00e4 p\u00e4\u00e4set alaosaston omille sivuille ! Heinlahden Kipin\u00e4Hirvikosken VilpasPyht\u00e4\u00e4n Kisa-VeikotPurolan Kiri Yhdistysrekisteritiedot: Rek.nro Kotipaikka Ensirek.pvm Viimrek.pvm Nimi S\u00e4\u00e4nn\u00f6t Linkki [&hellip;]\" \/>\n<meta property=\"og:url\" content=\"https:\/\/www.pyhtaankisa.fi\/pyhtaankisa\/?page_id=131\" \/>\n<meta property=\"og:site_name\" content=\"Pyht\u00e4\u00e4n Kisa ry\" \/>\n<meta property=\"article:modified_time\" content=\"2023-05-02T17:36:48+00:00\" \/>\n<meta name=\"twitter:card\" content=\"summary_large_image\" \/>\n<meta name=\"twitter:label1\" content=\"Est. reading time\" \/>\n\t<meta name=\"twitter:data1\" content=\"1 minute\" \/>\n<script type=\"application\/ld+json\" class=\"yoast-schema-graph\">{\"@context\":\"https:\\\/\\\/schema.org\",\"@graph\":[{\"@type\":\"WebPage\",\"@id\":\"https:\\\/\\\/www.pyhtaankisa.fi\\\/pyhtaankisa\\\/?page_id=131\",\"url\":\"https:\\\/\\\/www.pyhtaankisa.fi\\\/pyhtaankisa\\\/?page_id=131\",\"name\":\"Kyl\u00e4osastot - Pyht\u00e4\u00e4n Kisa ry\",\"isPartOf\":{\"@id\":\"https:\\\/\\\/www.pyhtaankisa.fi\\\/pyhtaankisa\\\/#website\"},\"datePublished\":\"2020-02-22T19:20:31+00:00\",\"dateModified\":\"2023-05-02T17:36:48+00:00\",\"breadcrumb\":{\"@id\":\"https:\\\/\\\/www.pyhtaankisa.fi\\\/pyhtaankisa\\\/?page_id=131#breadcrumb\"},\"inLanguage\":\"en-US\",\"potentialAction\":[{\"@type\":\"ReadAction\",\"target\":[\"https:\\\/\\\/www.pyhtaankisa.fi\\\/pyhtaankisa\\\/?page_id=131\"]}]},{\"@type\":\"BreadcrumbList\",\"@id\":\"https:\\\/\\\/www.pyhtaankisa.fi\\\/pyhtaankisa\\\/?page_id=131#breadcrumb\",\"itemListElement\":[{\"@type\":\"ListItem\",\"position\":1,\"name\":\"Home\",\"item\":\"https:\\\/\\\/www.pyhtaankisa.fi\\\/pyhtaankisa\\\/\"},{\"@type\":\"ListItem\",\"position\":2,\"name\":\"Kyl\u00e4osastot\"}]},{\"@type\":\"WebSite\",\"@id\":\"https:\\\/\\\/www.pyhtaankisa.fi\\\/pyhtaankisa\\\/#website\",\"url\":\"https:\\\/\\\/www.pyhtaankisa.fi\\\/pyhtaankisa\\\/\",\"name\":\"Pyht\u00e4\u00e4n Kisa ry\",\"description\":\"\",\"publisher\":{\"@id\":\"https:\\\/\\\/www.pyhtaankisa.fi\\\/pyhtaankisa\\\/#organization\"},\"potentialAction\":[{\"@type\":\"SearchAction\",\"target\":{\"@type\":\"EntryPoint\",\"urlTemplate\":\"https:\\\/\\\/www.pyhtaankisa.fi\\\/pyhtaankisa\\\/?s={search_term_string}\"},\"query-input\":{\"@type\":\"PropertyValueSpecification\",\"valueRequired\":true,\"valueName\":\"search_term_string\"}}],\"inLanguage\":\"en-US\"},{\"@type\":\"Organization\",\"@id\":\"https:\\\/\\\/www.pyhtaankisa.fi\\\/pyhtaankisa\\\/#organization\",\"name\":\"Pyht\u00e4\u00e4n Kisa ry\",\"url\":\"https:\\\/\\\/www.pyhtaankisa.fi\\\/pyhtaankisa\\\/\",\"logo\":{\"@type\":\"ImageObject\",\"inLanguage\":\"en-US\",\"@id\":\"https:\\\/\\\/www.pyhtaankisa.fi\\\/pyhtaankisa\\\/#\\\/schema\\\/logo\\\/image\\\/\",\"url\":\"https:\\\/\\\/www.pyhtaankisa.fi\\\/pyhtaankisa\\\/wp-content\\\/uploads\\\/2020\\\/02\\\/logo_2-1.gif\",\"contentUrl\":\"https:\\\/\\\/www.pyhtaankisa.fi\\\/pyhtaankisa\\\/wp-content\\\/uploads\\\/2020\\\/02\\\/logo_2-1.gif\",\"width\":100,\"height\":100,\"caption\":\"Pyht\u00e4\u00e4n Kisa ry\"},\"image\":{\"@id\":\"https:\\\/\\\/www.pyhtaankisa.fi\\\/pyhtaankisa\\\/#\\\/schema\\\/logo\\\/image\\\/\"}}]}<\/script>\n<!-- \/ Yoast SEO plugin. -->","yoast_head_json":{"title":"Kyl\u00e4osastot - Pyht\u00e4\u00e4n Kisa ry","robots":{"index":"index","follow":"follow","max-snippet":"max-snippet:-1","max-image-preview":"max-image-preview:large","max-video-preview":"max-video-preview:-1"},"canonical":"https:\/\/www.pyhtaankisa.fi\/pyhtaankisa\/?page_id=131","og_locale":"en_US","og_type":"article","og_title":"Kyl\u00e4osastot - Pyht\u00e4\u00e4n Kisa ry","og_description":"=&nbsp;Alaosastot.. &nbsp;nimest\u00e4 p\u00e4\u00e4set alaosaston omille sivuille ! Heinlahden Kipin\u00e4Hirvikosken VilpasPyht\u00e4\u00e4n Kisa-VeikotPurolan Kiri Yhdistysrekisteritiedot: Rek.nro Kotipaikka Ensirek.pvm Viimrek.pvm Nimi S\u00e4\u00e4nn\u00f6t Linkki [&hellip;]","og_url":"https:\/\/www.pyhtaankisa.fi\/pyhtaankisa\/?page_id=131","og_site_name":"Pyht\u00e4\u00e4n Kisa ry","article_modified_time":"2023-05-02T17:36:48+00:00","twitter_card":"summary_large_image","twitter_misc":{"Est. reading time":"1 minute"},"schema":{"@context":"https:\/\/schema.org","@graph":[{"@type":"WebPage","@id":"https:\/\/www.pyhtaankisa.fi\/pyhtaankisa\/?page_id=131","url":"https:\/\/www.pyhtaankisa.fi\/pyhtaankisa\/?page_id=131","name":"Kyl\u00e4osastot - Pyht\u00e4\u00e4n Kisa ry","isPartOf":{"@id":"https:\/\/www.pyhtaankisa.fi\/pyhtaankisa\/#website"},"datePublished":"2020-02-22T19:20:31+00:00","dateModified":"2023-05-02T17:36:48+00:00","breadcrumb":{"@id":"https:\/\/www.pyhtaankisa.fi\/pyhtaankisa\/?page_id=131#breadcrumb"},"inLanguage":"en-US","potentialAction":[{"@type":"ReadAction","target":["https:\/\/www.pyhtaankisa.fi\/pyhtaankisa\/?page_id=131"]}]},{"@type":"BreadcrumbList","@id":"https:\/\/www.pyhtaankisa.fi\/pyhtaankisa\/?page_id=131#breadcrumb","itemListElement":[{"@type":"ListItem","position":1,"name":"Home","item":"https:\/\/www.pyhtaankisa.fi\/pyhtaankisa\/"},{"@type":"ListItem","position":2,"name":"Kyl\u00e4osastot"}]},{"@type":"WebSite","@id":"https:\/\/www.pyhtaankisa.fi\/pyhtaankisa\/#website","url":"https:\/\/www.pyhtaankisa.fi\/pyhtaankisa\/","name":"Pyht\u00e4\u00e4n Kisa ry","description":"","publisher":{"@id":"https:\/\/www.pyhtaankisa.fi\/pyhtaankisa\/#organization"},"potentialAction":[{"@type":"SearchAction","target":{"@type":"EntryPoint","urlTemplate":"https:\/\/www.pyhtaankisa.fi\/pyhtaankisa\/?s={search_term_string}"},"query-input":{"@type":"PropertyValueSpecification","valueRequired":true,"valueName":"search_term_string"}}],"inLanguage":"en-US"},{"@type":"Organization","@id":"https:\/\/www.pyhtaankisa.fi\/pyhtaankisa\/#organization","name":"Pyht\u00e4\u00e4n Kisa ry","url":"https:\/\/www.pyhtaankisa.fi\/pyhtaankisa\/","logo":{"@type":"ImageObject","inLanguage":"en-US","@id":"https:\/\/www.pyhtaankisa.fi\/pyhtaankisa\/#\/schema\/logo\/image\/","url":"https:\/\/www.pyhtaankisa.fi\/pyhtaankisa\/wp-content\/uploads\/2020\/02\/logo_2-1.gif","contentUrl":"https:\/\/www.pyhtaankisa.fi\/pyhtaankisa\/wp-content\/uploads\/2020\/02\/logo_2-1.gif","width":100,"height":100,"caption":"Pyht\u00e4\u00e4n Kisa ry"},"image":{"@id":"https:\/\/www.pyhtaankisa.fi\/pyhtaankisa\/#\/schema\/logo\/image\/"}}]}},"_links":{"self":[{"href":"https:\/\/www.pyhtaankisa.fi\/pyhtaankisa\/index.php?rest_route=\/wp\/v2\/pages\/131","targetHints":{"allow":["GET"]}}],"collection":[{"href":"https:\/\/www.pyhtaankisa.fi\/pyhtaankisa\/index.php?rest_route=\/wp\/v2\/pages"}],"about":[{"href":"https:\/\/www.pyhtaankisa.fi\/pyhtaankisa\/index.php?rest_route=\/wp\/v2\/types\/page"}],"author":[{"embeddable":true,"href":"https:\/\/www.pyhtaankisa.fi\/pyhtaankisa\/index.php?rest_route=\/wp\/v2\/users\/1"}],"replies":[{"embeddable":true,"href":"https:\/\/www.pyhtaankisa.fi\/pyhtaankisa\/index.php?rest_route=%2Fwp%2Fv2%2Fcomments&post=131"}],"version-history":[{"count":2,"href":"https:\/\/www.pyhtaankisa.fi\/pyhtaankisa\/index.php?rest_route=\/wp\/v2\/pages\/131\/revisions"}],"predecessor-version":[{"id":500,"href":"https:\/\/www.pyhtaankisa.fi\/pyhtaankisa\/index.php?rest_route=\/wp\/v2\/pages\/131\/revisions\/500"}],"wp:attachment":[{"href":"https:\/\/www.pyhtaankisa.fi\/pyhtaankisa\/index.php?rest_route=%2Fwp%2Fv2%2Fmedia&parent=131"}],"curies":[{"name":"wp","href":"https:\/\/api.w.org\/{rel}","templated":true}]}}